{"id":10,"date":"2011-09-19T19:01:33","date_gmt":"2011-09-19T19:01:33","guid":{"rendered":"http:\/\/83.167.252.166\/sdhwordpress\/?page_id=10"},"modified":"2022-12-27T19:44:58","modified_gmt":"2022-12-27T18:44:58","slug":"weby-hasicskych-sboru-v-okoli","status":"publish","type":"page","link":"https:\/\/www.sdhnovedvory.cz\/?page_id=10","title":{"rendered":"Weby hasi\u010dsk\u00fdch sbor\u016f v okol\u00ed"},"content":{"rendered":"<div>\n<div id=\"node-5\">\n<div>\n<p>N\u00ed\u017ee naleznete odkazy na webov\u00e9 str\u00e1nky sbor\u016f dobrovoln\u00fdch hasi\u010d\u016f v okol\u00ed Nov\u00fdch Dvor\u016f:<\/p>\n<ul>\n<li><a href=\"http:\/\/www.hasicisedlec-prcice.cz\/\" target=\"_blank\" rel=\"noopener noreferrer\">Okrsek Sedlec-Pr\u010dice<\/a><\/li>\n<li><a href=\"http:\/\/hasici.jesenice-obec.cz\/sdh-dobrosovice\/ms-4152\/p1=4152\" target=\"_blank\" rel=\"noopener noreferrer\">SDH Dobro\u0161ovice<\/a><\/li>\n<li><a href=\"http:\/\/www.sdhhermanicky.estranky.cz\/\" target=\"_blank\" rel=\"noopener noreferrer\">SDH He\u0159mani\u010dky<\/a><\/li>\n<li><a href=\"https:\/\/sdh-chvalov.webnode.cz\/\" target=\"_blank\" rel=\"noopener noreferrer\">SDH Chv\u00e1lov<\/a><\/li>\n<li><a href=\"http:\/\/sdh-chysky.webnode.cz\/\" target=\"_blank\" rel=\"noopener noreferrer\">SDH Chy\u0161ky<\/a><\/li>\n<li><a href=\"http:\/\/hasici.jesenice-obec.cz\/sdh-jesenice\/ds-6612\/p1=4153\" target=\"_blank\" rel=\"noopener noreferrer\">SDH Jesenice<\/a><\/li>\n<li><a href=\"http:\/\/www.kvasejovice.cz\/\" target=\"_blank\" rel=\"noopener noreferrer\">SDH Kvasejovice<\/a><\/li>\n<li><a href=\"http:\/\/hasici.jesenice-obec.cz\/sdh-martinice\/ms-4155\/p1=4155\" target=\"_blank\" rel=\"noopener noreferrer\">SDH Martinice<\/a><\/li>\n<li><a href=\"http:\/\/hasici.jesenice-obec.cz\/sdh-mezne\/ms-4154\/p1=4154\" target=\"_blank\" rel=\"noopener noreferrer\">SDH Mezn\u00e9<\/a><\/li>\n<li><a href=\"https:\/\/www.prestavlky.eu\/sdh-prestavlky\/\" target=\"_blank\" rel=\"noopener noreferrer\">SDH P\u0159estavlky<\/a><\/li>\n<li><a href=\"https:\/\/www.facebook.com\/sdh.sedlcany\" target=\"_blank\" rel=\"noopener noreferrer\">SDH Sedl\u010dany<\/a><\/li>\n<li><a href=\"http:\/\/hasicisedlec.cz\/\" target=\"_blank\" rel=\"noopener noreferrer\">SDH Sedlec<\/a><\/li>\n<li><a href=\"http:\/\/www.hasicivotice.cz\/\" target=\"_blank\" rel=\"noopener noreferrer\">SDH Votice<\/a><\/li>\n<li><a href=\"https:\/\/cs-cz.facebook.com\/SdhVrchotice\" target=\"_blank\" rel=\"noopener noreferrer\">SDH Vrchotice<\/a><\/li>\n<\/ul>\n<\/div>\n<\/div>\n<\/div>\n","protected":false},"excerpt":{"rendered":"<p>N\u00ed\u017ee naleznete odkazy na webov\u00e9 str\u00e1nky sbor\u016f dobrovoln\u00fdch hasi\u010d\u016f v okol\u00ed Nov\u00fdch Dvor\u016f: Okrsek Sedlec-Pr\u010dice SDH Dobro\u0161ovice SDH He\u0159mani\u010dky SDH Chv\u00e1lov SDH Chy\u0161ky SDH Jesenice SDH Kvasejovice SDH Martinice SDH Mezn\u00e9 SDH P\u0159estavlky SDH Sedl\u010dany SDH Sedlec SDH Votice SDH Vrchotice<\/p>\n","protected":false},"author":2,"featured_media":0,"parent":0,"menu_order":3,"comment_status":"open","ping_status":"open","template":"","meta":{"footnotes":""},"_links":{"self":[{"href":"https:\/\/www.sdhnovedvory.cz\/index.php?rest_route=\/wp\/v2\/pages\/10"}],"collection":[{"href":"https:\/\/www.sdhnovedvory.cz\/index.php?rest_route=\/wp\/v2\/pages"}],"about":[{"href":"https:\/\/www.sdhnovedvory.cz\/index.php?rest_route=\/wp\/v2\/types\/page"}],"author":[{"embeddable":true,"href":"https:\/\/www.sdhnovedvory.cz\/index.php?rest_route=\/wp\/v2\/users\/2"}],"replies":[{"embeddable":true,"href":"https:\/\/www.sdhnovedvory.cz\/index.php?rest_route=%2Fwp%2Fv2%2Fcomments&post=10"}],"version-history":[{"count":14,"href":"https:\/\/www.sdhnovedvory.cz\/index.php?rest_route=\/wp\/v2\/pages\/10\/revisions"}],"predecessor-version":[{"id":1442,"href":"https:\/\/www.sdhnovedvory.cz\/index.php?rest_route=\/wp\/v2\/pages\/10\/revisions\/1442"}],"wp:attachment":[{"href":"https:\/\/www.sdhnovedvory.cz\/index.php?rest_route=%2Fwp%2Fv2%2Fmedia&parent=10"}],"curies":[{"name":"wp","href":"https:\/\/api.w.org\/{rel}","templated":true}]}}