{"id":8,"date":"2011-09-19T19:00:23","date_gmt":"2011-09-19T19:00:23","guid":{"rendered":"http:\/\/83.167.252.166\/sdhwordpress\/?page_id=8"},"modified":"2023-10-17T20:33:21","modified_gmt":"2023-10-17T18:33:21","slug":"hasicske-weby","status":"publish","type":"page","link":"https:\/\/www.sdhnovedvory.cz\/?page_id=8","title":{"rendered":"Hasi\u010dsk\u00e9 weby"},"content":{"rendered":"<ul>\n<li><a href=\"http:\/\/www.dh.cz\/\" target=\"_blank\" rel=\"noopener noreferrer\">Dobrovoln\u00ed hasi\u010di<\/a><\/li>\n<li><a href=\"http:\/\/www.hvp.cz\/\" target=\"_blank\" rel=\"noopener noreferrer\">Hasi\u010dsk\u00e1 vz\u00e1jemn\u00e1 poji\u0161\u0165ovna<\/a><\/li>\n<li><a href=\"http:\/\/www.hasik.cz\/\" target=\"_blank\" rel=\"noopener noreferrer\">Has\u00edk<\/a><\/li>\n<li><a href=\"https:\/\/www.hzscr.cz\/hzs-stredoceskeho-kraje.aspx\" target=\"_blank\" rel=\"noopener noreferrer\">HZS St\u0159edo\u010desk\u00e9ho kraje<\/a><\/li>\n<li><a href=\"http:\/\/obchodhasici.cz\/\" target=\"_blank\" rel=\"noopener noreferrer\">Obchod hasi\u010di<\/a><\/li>\n<li><a href=\"https:\/\/paleni.izscr.cz\/\" target=\"_blank\" rel=\"noopener noreferrer\">Ohla\u0161ov\u00e1n\u00ed p\u00e1len\u00ed<\/a><\/li>\n<li><a href=\"http:\/\/oshbenesov.cz\/\" target=\"_blank\" rel=\"noopener noreferrer\">OSH Bene\u0161ov<\/a><\/li>\n<li><a href=\"http:\/\/www.po-bp.cz\/\" target=\"_blank\" rel=\"noopener noreferrer\">Po\u017e\u00e1rn\u00ed bezpe\u010dnost<\/a><\/li>\n<li><a href=\"http:\/\/www.pozary.cz\/\" target=\"_blank\" rel=\"noopener noreferrer\">Po\u017e\u00e1ry<\/a><\/li>\n<li><a href=\"https:\/\/www.hasimehrou.cz\/\" target=\"_blank\" rel=\"noopener noreferrer\">Has\u00edme hrou<\/a><\/li>\n<li><a href=\"https:\/\/www.hasicskavyzbrojna.cz\/\" target=\"_blank\" rel=\"noopener noreferrer\">Hasi\u010dsk\u00e1 v\u00fdzbrojna<\/a><\/li>\n<li><a href=\"https:\/\/www.vyzbrojna.cz\/cz\/\" target=\"_blank\" rel=\"noopener noreferrer\">V\u00fdzbrojna<\/a><\/li>\n<li><a href=\"https:\/\/www.hasicskevybaveni.cz\/\" target=\"_blank\" rel=\"noopener noreferrer\">Hasi\u010dsk\u00e9 vybaven\u00ed<\/a><\/li>\n<li><a href=\"https:\/\/www.hasicovo.cz\/\" target=\"_blank\" rel=\"noopener noreferrer\">Hasi\u010dovo<\/a><\/li>\n<li><a href=\"https:\/\/www.sdhplus.cz\/\" target=\"_blank\" rel=\"noopener noreferrer\">SDH plus<\/a><\/li>\n<li><a href=\"https:\/\/cervinka-shop.cz\/\" target=\"_blank\" rel=\"noopener\">\u010cervinka shop<\/a><\/li>\n<\/ul>\n\n\n<p><\/p>\n","protected":false},"excerpt":{"rendered":"<p>Dobrovoln\u00ed hasi\u010di Hasi\u010dsk\u00e1 vz\u00e1jemn\u00e1 poji\u0161\u0165ovna Has\u00edk HZS St\u0159edo\u010desk\u00e9ho kraje Obchod hasi\u010di Ohla\u0161ov\u00e1n\u00ed p\u00e1len\u00ed OSH Bene\u0161ov Po\u017e\u00e1rn\u00ed bezpe\u010dnost Po\u017e\u00e1ry Has\u00edme hrou Hasi\u010dsk\u00e1 v\u00fdzbrojna V\u00fdzbrojna Hasi\u010dsk\u00e9 vybaven\u00ed Hasi\u010dovo SDH plus \u010cervinka shop<\/p>\n","protected":false},"author":2,"featured_media":0,"parent":0,"menu_order":2,"comment_status":"open","ping_status":"open","template":"","meta":{"footnotes":""},"_links":{"self":[{"href":"https:\/\/www.sdhnovedvory.cz\/index.php?rest_route=\/wp\/v2\/pages\/8"}],"collection":[{"href":"https:\/\/www.sdhnovedvory.cz\/index.php?rest_route=\/wp\/v2\/pages"}],"about":[{"href":"https:\/\/www.sdhnovedvory.cz\/index.php?rest_route=\/wp\/v2\/types\/page"}],"author":[{"embeddable":true,"href":"https:\/\/www.sdhnovedvory.cz\/index.php?rest_route=\/wp\/v2\/users\/2"}],"replies":[{"embeddable":true,"href":"https:\/\/www.sdhnovedvory.cz\/index.php?rest_route=%2Fwp%2Fv2%2Fcomments&post=8"}],"version-history":[{"count":11,"href":"https:\/\/www.sdhnovedvory.cz\/index.php?rest_route=\/wp\/v2\/pages\/8\/revisions"}],"predecessor-version":[{"id":1482,"href":"https:\/\/www.sdhnovedvory.cz\/index.php?rest_route=\/wp\/v2\/pages\/8\/revisions\/1482"}],"wp:attachment":[{"href":"https:\/\/www.sdhnovedvory.cz\/index.php?rest_route=%2Fwp%2Fv2%2Fmedia&parent=8"}],"curies":[{"name":"wp","href":"https:\/\/api.w.org\/{rel}","templated":true}]}}